{"id":826,"date":"2020-07-25T18:13:28","date_gmt":"2020-07-25T15:13:28","guid":{"rendered":"http:\/\/www.globaplast.com\/?page_id=826"},"modified":"2020-08-25T12:00:03","modified_gmt":"2020-08-25T09:00:03","slug":"iletisim","status":"publish","type":"page","link":"https:\/\/www.globaplast.com\/en\/iletisim\/","title":{"rendered":"CONTACT"},"content":{"rendered":"<p>[vc_row css=&#8221;.vc_custom_1561411833155{margin-top: 40px !important;padding-bottom: 20px !important;}&#8221;][vc_column width=&#8221;1\/2&#8243;]<h4 class='heading-content  style-1' ><span>CONTACT<\/span><\/h4>[vc_empty_space height=&#8221;15px&#8221;][vc_column_text css_animation=&#8221;fadeInLeft&#8221;]<\/p>\n<div class=\"textwidget\">\n<h1><strong>GLOBAPLAST<\/strong><\/h1>\n<p>&nbsp;<\/p>\n<p><strong>ADDRESS :<\/strong> G\u00fclbahar mh cemal sururi sk.halim meri\u00e7 i\u015f merkezi no 15\/27<br \/>\nMecidiyek\u00f6y<\/p>\n<p><strong>PHONE :<\/strong> 0212 275 11 22<\/p>\n<p><b>E-Mail :<\/b>mail@globaplast.com<\/p>\n<\/div>\n<p>[\/vc_column_text][\/vc_column][vc_column width=&#8221;1\/2&#8243;]<div class='map' id='map2' style='height: 300px;' data-type='ROADMAP' data-zoom='14' data-scroll='true' data-icon='https:\/\/www.globaplast.com\/wp-content\/themes\/constructo\/images\/gmap\/map-pin.png' data-address='G\u00fclbahar mh cemal sururi sk.halim meri\u00e7 i\u015f merkezi no 15\/27 Mecidiyek\u00f6y'><\/div>[\/vc_column][\/vc_row]<\/p>","protected":false},"excerpt":{"rendered":"<p>[vc_row css=&#8221;.vc_custom_1561411833155{margin-top: 40px !important;padding-bottom: 20px !important;}&#8221;][vc_column width=&#8221;1\/2&#8243;][vc_empty_space height=&#8221;15px&#8221;][vc_column_text css_animation=&#8221;fadeInLeft&#8221;] GLOBAPLAST &nbsp; ADDRESS : G\u00fclbahar mh cemal sururi sk.halim meri\u00e7 i\u015f merkezi no 15\/27 Mecidiyek\u00f6y PHONE : 0212 275 11 22 E-Mail :mail@globaplast.com [\/vc_column_text][\/vc_column][vc_column width=&#8221;1\/2&#8243;][\/vc_column][\/vc_row]<\/p>\n","protected":false},"author":1,"featured_media":0,"parent":0,"menu_order":0,"comment_status":"closed","ping_status":"closed","template":"","meta":[],"_links":{"self":[{"href":"https:\/\/www.globaplast.com\/en\/wp-json\/wp\/v2\/pages\/826"}],"collection":[{"href":"https:\/\/www.globaplast.com\/en\/wp-json\/wp\/v2\/pages"}],"about":[{"href":"https:\/\/www.globaplast.com\/en\/wp-json\/wp\/v2\/types\/page"}],"author":[{"embeddable":true,"href":"https:\/\/www.globaplast.com\/en\/wp-json\/wp\/v2\/users\/1"}],"replies":[{"embeddable":true,"href":"https:\/\/www.globaplast.com\/en\/wp-json\/wp\/v2\/comments?post=826"}],"version-history":[{"count":6,"href":"https:\/\/www.globaplast.com\/en\/wp-json\/wp\/v2\/pages\/826\/revisions"}],"predecessor-version":[{"id":1228,"href":"https:\/\/www.globaplast.com\/en\/wp-json\/wp\/v2\/pages\/826\/revisions\/1228"}],"wp:attachment":[{"href":"https:\/\/www.globaplast.com\/en\/wp-json\/wp\/v2\/media?parent=826"}],"curies":[{"name":"wp","href":"https:\/\/api.w.org\/{rel}","templated":true}]}}