{"id":818,"date":"2020-07-25T18:10:01","date_gmt":"2020-07-25T15:10:01","guid":{"rendered":"http:\/\/www.globaplast.com\/?page_id=818"},"modified":"2020-08-25T11:22:47","modified_gmt":"2020-08-25T08:22:47","slug":"kurumsal","status":"publish","type":"page","link":"https:\/\/www.globaplast.com\/en\/kurumsal\/","title":{"rendered":"ABOUT US"},"content":{"rendered":"<p>[vc_row][vc_column width=&#8221;1\/2&#8243;][vc_empty_space][vc_single_image image=&#8221;1043&#8243; img_size=&#8221;full&#8221; css_animation=&#8221;fadeInLeft&#8221; css=&#8221;.vc_custom_1595830055220{margin-top: 30px !important;}&#8221;][\/vc_column][vc_column width=&#8221;1\/2&#8243;][vc_text_separator title=&#8221;ABOUT US&#8221; color=&#8221;black&#8221;][vc_empty_space height=&#8221;20px&#8221;][vc_column_text css_animation=&#8221;fadeInRight&#8221;]<\/p>\n<p style=\"text-align: center;\">GLOBAPLAST, which has been operating in the field of foreign trade for more than 20 years; imports, exports, stores and sells chemicals.<\/p>\n<p style=\"text-align: center;\">Quality and continuity are always at the forefront in products supplied for many sectors such as Artificial Leather, Canvas, Textile, paint, metal, plastic and Polyurethane.<\/p>\n<p style=\"text-align: center;\">GLOBAPLAST, which carries out its activities in both domestic and foreign markets, is customer-oriented and always open to the suggestions of its business partners. As a result of this, our company has customers and suppliers in many countries with which it has been cooperating since its establishment. Thanks to this diversity and long-term bilateral relations, it has extensive knowledge and experience in the sector.<\/p>\n<p style=\"text-align: center;\">Until today, without compromising the reliability and correct information principles it has adopted; GLOBAPLAST continues its activities by prioritizing customer satisfaction during and after sales and continues its commercial activities based on these factors.<\/p>\n<p>[\/vc_column_text][\/vc_column][\/vc_row][vc_row css=&#8221;.vc_custom_1595830077797{margin-top: 20px !important;}&#8221;][vc_column width=&#8221;1\/2&#8243;][vc_text_separator title=&#8221;Our Vision&#8221;][vc_empty_space height=&#8221;12px&#8221;][vc_column_text]<\/p>\n<p style=\"text-align: center;\">Globaplast Kimya San. ve D\u0131\u015f Tic. Ltd. \u015eti. Is to always go one step further and achieve better in line with our understanding of customer satisfaction and perfectionism.<\/p>\n<p>[\/vc_column_text][\/vc_column][vc_column width=&#8221;1\/2&#8243;][vc_text_separator title=&#8221;Our Mission&#8221;][vc_empty_space height=&#8221;12px&#8221;][vc_column_text]<\/p>\n<p style=\"text-align: center;\">Globaplast Kimya San. ve D\u0131\u015f Tic. Ltd. \u015eti .; To provide added value to the production processes of our customers as if we were producing them, based on customer satisfaction.<\/p>\n<p>[\/vc_column_text][\/vc_column][\/vc_row]<\/p>","protected":false},"excerpt":{"rendered":"<p>[vc_row][vc_column width=&#8221;1\/2&#8243;][vc_empty_space][vc_single_image image=&#8221;1043&#8243; img_size=&#8221;full&#8221; css_animation=&#8221;fadeInLeft&#8221; css=&#8221;.vc_custom_1595830055220{margin-top: 30px !important;}&#8221;][\/vc_column][vc_column width=&#8221;1\/2&#8243;][vc_text_separator title=&#8221;ABOUT US&#8221; color=&#8221;black&#8221;][vc_empty_space height=&#8221;20px&#8221;][vc_column_text css_animation=&#8221;fadeInRight&#8221;] GLOBAPLAST, which has been operating in the field of foreign trade for more than 20 years; imports, exports, stores and sells chemicals. Quality and continuity are&#8230;<\/p>\n","protected":false},"author":1,"featured_media":0,"parent":0,"menu_order":0,"comment_status":"closed","ping_status":"closed","template":"","meta":[],"_links":{"self":[{"href":"https:\/\/www.globaplast.com\/en\/wp-json\/wp\/v2\/pages\/818"}],"collection":[{"href":"https:\/\/www.globaplast.com\/en\/wp-json\/wp\/v2\/pages"}],"about":[{"href":"https:\/\/www.globaplast.com\/en\/wp-json\/wp\/v2\/types\/page"}],"author":[{"embeddable":true,"href":"https:\/\/www.globaplast.com\/en\/wp-json\/wp\/v2\/users\/1"}],"replies":[{"embeddable":true,"href":"https:\/\/www.globaplast.com\/en\/wp-json\/wp\/v2\/comments?post=818"}],"version-history":[{"count":7,"href":"https:\/\/www.globaplast.com\/en\/wp-json\/wp\/v2\/pages\/818\/revisions"}],"predecessor-version":[{"id":1220,"href":"https:\/\/www.globaplast.com\/en\/wp-json\/wp\/v2\/pages\/818\/revisions\/1220"}],"wp:attachment":[{"href":"https:\/\/www.globaplast.com\/en\/wp-json\/wp\/v2\/media?parent=818"}],"curies":[{"name":"wp","href":"https:\/\/api.w.org\/{rel}","templated":true}]}}