{"id":559,"date":"2014-12-17T10:33:36","date_gmt":"2014-12-17T10:33:36","guid":{"rendered":"http:\/\/anpsthemes.com\/constructo\/?page_id=559"},"modified":"2014-12-17T10:33:36","modified_gmt":"2014-12-17T10:33:36","slug":"blog-masonry","status":"publish","type":"page","link":"https:\/\/www.globaplast.com\/en\/blog-masonry\/","title":{"rendered":"Blog masonry"},"content":{"rendered":"<p>[vc_row][vc_column width=&#8221;1\/1&#8243;]<div class='blog-masonry'><article class='post col-md-4'><header><a class='post-hover' href='https:\/\/www.globaplast.com\/en\/merhaba-dunya\/'><\/a><a href='https:\/\/www.globaplast.com\/en\/merhaba-dunya\/' title='Merhaba d\u00fcnya!'><h1>Merhaba d\u00fcnya!<\/h1><\/a><span class='post-meta-date'>Saturday July 25th, 2020<\/span> <span class='post-meta-divider'>\/<\/span> <span class='post-meta-comments'>1 comment<\/span><\/header><div class='post-content'>\n<p>WordPress&#8217;e ho\u015f geldiniz. Bu sizin ilk yaz\u0131n\u0131z. Bu yaz\u0131y\u0131 d\u00fczenleyin ya da silin. Sonra yazmaya ba\u015flay\u0131n!<\/p>\n<\/div><\/article><article class='post col-md-4'><header><a class='post-hover' href='https:\/\/www.globaplast.com\/en\/from-idea-to-realisation\/'><img width=\"360\" height=\"175\" src=\"https:\/\/www.globaplast.com\/wp-content\/uploads\/2014\/12\/20-360x175.jpg\" class=\"attachment-blog-masonry-3-columns size-blog-masonry-3-columns wp-post-image\" alt=\"\" loading=\"lazy\" srcset=\"https:\/\/www.globaplast.com\/wp-content\/uploads\/2014\/12\/20-360x175.jpg 360w, https:\/\/www.globaplast.com\/wp-content\/uploads\/2014\/12\/20-300x146.jpg 300w, https:\/\/www.globaplast.com\/wp-content\/uploads\/2014\/12\/20-768x372.jpg 768w, https:\/\/www.globaplast.com\/wp-content\/uploads\/2014\/12\/20-370x179.jpg 370w, https:\/\/www.globaplast.com\/wp-content\/uploads\/2014\/12\/20.jpg 1000w\" sizes=\"(max-width: 360px) 100vw, 360px\" \/><\/a><a href='https:\/\/www.globaplast.com\/en\/from-idea-to-realisation\/' title='FROM IDEA TO REALISATION'><h1>FROM IDEA TO REALISATION<\/h1><\/a><span class='post-meta-date'>Friday December 12th, 2014<\/span> <span class='post-meta-divider'>\/<\/span> <span class='post-meta-comments'>3 comments<\/span><\/header><div class='post-content'><p>Lorem ipsum dolor sit amet, consectetur adipiscing elit. Cras eu commodo nisl. Etiam ut purus justo. In id ante commodo, eleifend felis non, cursus orci. Nullam suscipit pellentesque nisl. Quisque maximus dui dui, id vestibulum orci interdum in. Fusce sit amet quam et nulla sollicitudin varius nec eu turpis. Nulla posuere arcu sed elit lobortis, ac congue leo tristique. Integer egestas, orci vel euismod pretium, dolor lacus mollis mi, ut volutpat justo diam quis ex. Fusce lectus arcu, vehicula non risus ac, fermentum gravida justo. Morbi sit amet malesuada nisl. Donec laoreet sodales sapien. Quisque condimentum quam id felis fermentum commodo. Sed ullamcorper vehicula sapien ac gravida. Nullam tempus scelerisque odio, sed fermentum leo facilisis a. Quisque nisl metus, rutrum id neque et, sollicitudin varius risus.<\/p>\n<\/div><\/article><article class='post col-md-4'><header><a class='post-hover' href='https:\/\/www.globaplast.com\/en\/home-renovations-with-no-fuss\/'><img width=\"360\" height=\"175\" src=\"https:\/\/www.globaplast.com\/wp-content\/uploads\/2014\/12\/20-360x175.jpg\" class=\"attachment-blog-masonry-3-columns size-blog-masonry-3-columns wp-post-image\" alt=\"\" loading=\"lazy\" srcset=\"https:\/\/www.globaplast.com\/wp-content\/uploads\/2014\/12\/20-360x175.jpg 360w, https:\/\/www.globaplast.com\/wp-content\/uploads\/2014\/12\/20-300x146.jpg 300w, https:\/\/www.globaplast.com\/wp-content\/uploads\/2014\/12\/20-768x372.jpg 768w, https:\/\/www.globaplast.com\/wp-content\/uploads\/2014\/12\/20-370x179.jpg 370w, https:\/\/www.globaplast.com\/wp-content\/uploads\/2014\/12\/20.jpg 1000w\" sizes=\"(max-width: 360px) 100vw, 360px\" \/><\/a><a href='https:\/\/www.globaplast.com\/en\/home-renovations-with-no-fuss\/' title='HOME RENOVATIONS WITH NO FUSS'><h1>HOME RENOVATIONS WITH NO FUSS<\/h1><\/a><span class='post-meta-date'>Friday December 12th, 2014<\/span> <span class='post-meta-divider'>\/<\/span> <span class='post-meta-comments'>0 comments<\/span><\/header><div class='post-content'><p>Lorem ipsum dolor sit amet, consectetur adipiscing elit. Cras eu commodo nisl. Etiam ut purus justo. In id ante commodo, eleifend felis non, cursus orci. Nullam suscipit pellentesque nisl. Quisque maximus dui dui, id vestibulum orci interdum in. Fusce sit amet quam et nulla sollicitudin varius nec eu turpis. Nulla posuere arcu sed elit lobortis, ac congue leo tristique. Integer egestas, orci vel euismod pretium, dolor lacus mollis mi, ut volutpat justo diam quis ex. Fusce lectus arcu, vehicula non risus ac, fermentum gravida justo. Morbi sit amet malesuada nisl. Donec laoreet sodales sapien. Quisque condimentum quam id felis fermentum commodo. Sed ullamcorper vehicula sapien ac gravida. Nullam tempus scelerisque odio, sed fermentum leo facilisis a. Quisque nisl metus, rutrum id neque et, sollicitudin varius risus.<\/p>\n<\/div><\/article><article class='post col-md-4'><header><a class='post-hover' href='https:\/\/www.globaplast.com\/en\/make-your-home-your-paradise\/'><img width=\"360\" height=\"175\" src=\"https:\/\/www.globaplast.com\/wp-content\/uploads\/2014\/12\/20-360x175.jpg\" class=\"attachment-blog-masonry-3-columns size-blog-masonry-3-columns wp-post-image\" alt=\"\" loading=\"lazy\" srcset=\"https:\/\/www.globaplast.com\/wp-content\/uploads\/2014\/12\/20-360x175.jpg 360w, https:\/\/www.globaplast.com\/wp-content\/uploads\/2014\/12\/20-300x146.jpg 300w, https:\/\/www.globaplast.com\/wp-content\/uploads\/2014\/12\/20-768x372.jpg 768w, https:\/\/www.globaplast.com\/wp-content\/uploads\/2014\/12\/20-370x179.jpg 370w, https:\/\/www.globaplast.com\/wp-content\/uploads\/2014\/12\/20.jpg 1000w\" sizes=\"(max-width: 360px) 100vw, 360px\" \/><\/a><a href='https:\/\/www.globaplast.com\/en\/make-your-home-your-paradise\/' title='MAKE YOUR HOME YOUR PARADISE'><h1>MAKE YOUR HOME YOUR PARADISE<\/h1><\/a><span class='post-meta-date'>Thursday December 11th, 2014<\/span> <span class='post-meta-divider'>\/<\/span> <span class='post-meta-comments'>1 comment<\/span><\/header><div class='post-content'><p>Lorem ipsum dolor sit amet, consectetur adipiscing elit. Donec et magna lacinia, congue enim et, dignissim ante. Nam gravida sit amet odio eu tincidunt. Sed eros tellus, fringilla in eleifend sit amet, tristique sed justo. Quisque semper iaculis velit, vel tristique quam interdum et. In molestie id nulla ac fringilla. Vestibulum pretium lectus augue, sit amet interdum lorem ultrices at. Morbi quis pellentesque nibh, commodo consequat odio. Morbi mollis fringilla felis quis ornare.<\/p>\n<\/div><\/article><article class='post col-md-4'><header><a class='post-hover' href='https:\/\/www.globaplast.com\/en\/new-home-advice\/'><img width=\"360\" height=\"175\" src=\"https:\/\/www.globaplast.com\/wp-content\/uploads\/2014\/12\/20-360x175.jpg\" class=\"attachment-blog-masonry-3-columns size-blog-masonry-3-columns wp-post-image\" alt=\"\" loading=\"lazy\" srcset=\"https:\/\/www.globaplast.com\/wp-content\/uploads\/2014\/12\/20-360x175.jpg 360w, https:\/\/www.globaplast.com\/wp-content\/uploads\/2014\/12\/20-300x146.jpg 300w, https:\/\/www.globaplast.com\/wp-content\/uploads\/2014\/12\/20-768x372.jpg 768w, https:\/\/www.globaplast.com\/wp-content\/uploads\/2014\/12\/20-370x179.jpg 370w, https:\/\/www.globaplast.com\/wp-content\/uploads\/2014\/12\/20.jpg 1000w\" sizes=\"(max-width: 360px) 100vw, 360px\" \/><\/a><a href='https:\/\/www.globaplast.com\/en\/new-home-advice\/' title='GET YOUR NEW HOME LIKE A PRO'><h1>GET YOUR NEW HOME LIKE A PRO<\/h1><\/a><span class='post-meta-date'>Thursday December 11th, 2014<\/span> <span class='post-meta-divider'>\/<\/span> <span class='post-meta-comments'>1 comment<\/span><\/header><div class='post-content'><p>Lorem ipsum dolor sit amet, consectetur adipiscing elit. Donec et magna lacinia, congue enim et, dignissim ante. Nam gravida sit amet odio eu tincidunt. Sed eros tellus, fringilla in eleifend sit amet, tristique sed justo. Quisque semper iaculis velit, vel tristique quam interdum et. In molestie id nulla ac fringilla. Vestibulum pretium lectus augue, sit amet interdum lorem ultrices at. Morbi quis pellentesque nibh, commodo consequat odio. Morbi mollis fringilla felis quis ornare.<\/p>\n<\/div><\/article><article class='post col-md-4'><header><a class='post-hover' href='https:\/\/www.globaplast.com\/en\/the-journey-of-a-big-build\/'><img width=\"360\" height=\"175\" src=\"https:\/\/www.globaplast.com\/wp-content\/uploads\/2014\/12\/20-360x175.jpg\" class=\"attachment-blog-masonry-3-columns size-blog-masonry-3-columns wp-post-image\" alt=\"\" loading=\"lazy\" srcset=\"https:\/\/www.globaplast.com\/wp-content\/uploads\/2014\/12\/20-360x175.jpg 360w, https:\/\/www.globaplast.com\/wp-content\/uploads\/2014\/12\/20-300x146.jpg 300w, https:\/\/www.globaplast.com\/wp-content\/uploads\/2014\/12\/20-768x372.jpg 768w, https:\/\/www.globaplast.com\/wp-content\/uploads\/2014\/12\/20-370x179.jpg 370w, https:\/\/www.globaplast.com\/wp-content\/uploads\/2014\/12\/20.jpg 1000w\" sizes=\"(max-width: 360px) 100vw, 360px\" \/><\/a><a href='https:\/\/www.globaplast.com\/en\/the-journey-of-a-big-build\/' title='THE JOURNEY OF A BIG BUILD'><h1>THE JOURNEY OF A BIG BUILD<\/h1><\/a><span class='post-meta-date'>Thursday December 11th, 2014<\/span> <span class='post-meta-divider'>\/<\/span> <span class='post-meta-comments'>0 comments<\/span><\/header><div class='post-content'><p>Lorem ipsum dolor sit amet, consectetur adipiscing elit. Donec et magna lacinia, congue enim et, dignissim ante. Nam gravida sit amet odio eu tincidunt. Sed eros tellus, fringilla in eleifend sit amet, tristique sed justo. Quisque semper iaculis velit, vel tristique quam interdum et. In molestie id nulla ac fringilla. Vestibulum pretium lectus augue, sit amet interdum lorem ultrices at. Morbi quis pellentesque nibh, commodo consequat odio. Morbi mollis fringilla felis quis ornare.<\/p>\n<\/div><\/article><article class='post col-md-4'><header><a class='post-hover' href='https:\/\/www.globaplast.com\/en\/a-post-without-an-image\/'><\/a><a href='https:\/\/www.globaplast.com\/en\/a-post-without-an-image\/' title='A POST WITHOUT AN IMAGE'><h1>A POST WITHOUT AN IMAGE<\/h1><\/a><span class='post-meta-date'>Tuesday November 11th, 2014<\/span> <span class='post-meta-divider'>\/<\/span> <span class='post-meta-comments'>1 comment<\/span><\/header><div class='post-content'><p>Lorem ipsum dolor sit amet, consectetur adipiscing elit. Donec et magna lacinia, congue enim et, dignissim ante. Nam gravida sit amet odio eu tincidunt. Sed eros tellus, fringilla in eleifend sit amet, tristique sed justo. Quisque semper iaculis velit, vel tristique quam interdum et. In molestie id nulla ac fringilla. Vestibulum pretium lectus augue, sit amet interdum lorem ultrices at. Morbi quis pellentesque nibh, commodo consequat odio. Morbi mollis fringilla felis quis ornare.<\/p>\n<\/div><\/article><\/div>[\/vc_column][\/vc_row]<\/p>\n","protected":false},"excerpt":{"rendered":"<p>[vc_row][vc_column width=&#8221;1\/1&#8243;][\/vc_column][\/vc_row]<\/p>\n","protected":false},"author":2,"featured_media":0,"parent":0,"menu_order":0,"comment_status":"open","ping_status":"open","template":"","meta":[],"_links":{"self":[{"href":"https:\/\/www.globaplast.com\/en\/wp-json\/wp\/v2\/pages\/559"}],"collection":[{"href":"https:\/\/www.globaplast.com\/en\/wp-json\/wp\/v2\/pages"}],"about":[{"href":"https:\/\/www.globaplast.com\/en\/wp-json\/wp\/v2\/types\/page"}],"author":[{"embeddable":true,"href":"https:\/\/www.globaplast.com\/en\/wp-json\/wp\/v2\/users\/2"}],"replies":[{"embeddable":true,"href":"https:\/\/www.globaplast.com\/en\/wp-json\/wp\/v2\/comments?post=559"}],"version-history":[{"count":0,"href":"https:\/\/www.globaplast.com\/en\/wp-json\/wp\/v2\/pages\/559\/revisions"}],"wp:attachment":[{"href":"https:\/\/www.globaplast.com\/en\/wp-json\/wp\/v2\/media?parent=559"}],"curies":[{"name":"wp","href":"https:\/\/api.w.org\/{rel}","templated":true}]}}