{"id":5,"date":"2014-11-11T11:09:47","date_gmt":"2014-11-11T11:09:47","guid":{"rendered":"http:\/\/anpsthemes.com\/constructo\/?page_id=5"},"modified":"2020-08-27T17:03:08","modified_gmt":"2020-08-27T14:03:08","slug":"home","status":"publish","type":"page","link":"https:\/\/www.globaplast.com\/en\/","title":{"rendered":"HOME"},"content":{"rendered":"<p>[vc_row has_content=&#8221;true&#8221;][vc_column][rev_slider_vc alias=&#8221;main-slider&#8221;][\/vc_column][\/vc_row][vc_row full_width=&#8221;stretch_row&#8221; video_bg=&#8221;yes&#8221; video_bg_url=&#8221;https:\/\/www.youtube.com\/watch?v=4PgDqd0jDBM&#8221; disable_element=&#8221;yes&#8221; css=&#8221;.vc_custom_1598536986139{padding-top: 35px !important;padding-bottom: 35px !important;background-image: url(http:\/\/www.globaplast.com\/wp-content\/uploads\/2020\/07\/DVB.jpg?id=1114) !important;background-position: center !important;background-repeat: no-repeat !important;background-size: cover !important;}&#8221; has_content=&#8221;inside&#8221;][vc_column width=&#8221;5\/6&#8243;][vc_column_text css=&#8221;.vc_custom_1597426210907{margin-top: -10px !important;}&#8221;][\/vc_column_text][\/vc_column][vc_column width=&#8221;1\/6&#8243; css=&#8221;.vc_custom_1595861559179{margin-top: 20px !important;}&#8221;]<a target=\"_self\" href=\"http:\/\/www.globaplast.com\/iletisim\/\" class=\"btn  btn-md style-1\" id=\"custom-id-1\" style=\"\">CONTACT<\/a>[\/vc_column][\/vc_row][vc_row full_width=&#8221;stretch_row&#8221; disable_element=&#8221;yes&#8221;][vc_column width=&#8221;1\/2&#8243;][vc_column_text]<\/p>\n<h1 style=\"text-align: center;\"><strong>B\u0130Z K\u0130M\u0130Z ?<\/strong><\/h1>\n<p>[\/vc_column_text][vc_empty_space height=&#8221;12px&#8221;][vc_column_text]<\/p>\n<h3 style=\"text-align: center;\"><strong>Globaplast\u2019in kalite ve hizmet anlay\u0131\u015f\u0131n\u0131n en \u00f6nemli temel ta\u015f\u0131, do\u011faya ve insan sa\u011fl\u0131\u011f\u0131na g\u00f6sterdi\u011fi \u00f6zen, insan kaynaklar\u0131na yapt\u0131\u011f\u0131 yat\u0131r\u0131m, de\u011fi\u015fime ayak uydurabilme yetene\u011fi ve kurdu\u011fu g\u00fc\u00e7l\u00fc ileti\u015fim a\u011flar\u0131d\u0131r, Globaplast bu sayede yap\u0131s\u0131n\u0131 s\u00fcrekli geli\u015ftirmekte, pazar pay\u0131n\u0131 b\u00fcy\u00fctmekte ve \u00e7al\u0131\u015ft\u0131\u011f\u0131 sekt\u00f6rlerin say\u0131s\u0131n\u0131 artt\u0131rmaktad\u0131r.<\/strong><\/h3>\n<p>[\/vc_column_text][\/vc_column][vc_column width=&#8221;1\/2&#8243;][vc_single_image image=&#8221;848&#8243; img_size=&#8221;full&#8221; alignment=&#8221;center&#8221;][\/vc_column][\/vc_row][vc_row full_width=&#8221;stretch_row_content&#8221; disable_element=&#8221;yes&#8221; css=&#8221;.vc_custom_1596626059904{background-image: url(http:\/\/www.globaplast.com\/wp-content\/uploads\/2020\/07\/SDFG-2.jpg?id=855) !important;}&#8221;][vc_column]<section id=\"tf-stat-841\" class=\"statistics \"  data-sp=\"80\" ><div class=\"statistics-inner\"><div class=\"stat\"  data-count=\"100\"><span class=\"fa fa-thumbs-o-up\"><\/span><span class=\"number\"><\/span><span class=\"count-title\">MEMNUN\u0130YET<\/span><\/div><div class=\"stat\"  data-count=\"560\"><span class=\"fa fa-globe\"><\/span><span class=\"number\"><\/span><span class=\"count-title\">\u00c7ALI\u015eAN F\u0130RMA<\/span><\/div><div class=\"stat\"  data-count=\"8000\"><span class=\"fa fa-cubes\"><\/span><span class=\"number\"><\/span><span class=\"count-title\">\u00dcRET\u0130M<\/span><\/div><\/div><\/section>[\/vc_column][\/vc_row][vc_row disable_element=&#8221;yes&#8221;][vc_column]<h1 class='heading-middle  style-1' ><span>\u00dcR\u00dcNLER<\/span><\/h1>[\/vc_column][\/vc_row][vc_row disable_element=&#8221;yes&#8221;][vc_column width=&#8221;1\/3&#8243;]<h1 class='heading-middle  style-1' ><span>Plastik Hammaddeleri<\/span><\/h1>[vc_empty_space height=&#8221;12px&#8221;][vc_single_image image=&#8221;850&#8243; img_size=&#8221;full&#8221; alignment=&#8221;center&#8221;][\/vc_column][vc_column width=&#8221;1\/3&#8243;]<h1 class='heading-middle  style-1' ><span>Genel Polimerler<\/span><\/h1>[vc_empty_space height=&#8221;12px&#8221;][vc_single_image image=&#8221;851&#8243; img_size=&#8221;full&#8221; alignment=&#8221;center&#8221;][\/vc_column][vc_column width=&#8221;1\/3&#8243;]<h1 class='heading-middle  style-1' ><span>Boya Hammaddeleri<\/span><\/h1>[vc_empty_space height=&#8221;12px&#8221;][vc_single_image image=&#8221;852&#8243; img_size=&#8221;full&#8221; alignment=&#8221;center&#8221;][\/vc_column][\/vc_row][vc_row disable_element=&#8221;yes&#8221; css=&#8221;.vc_custom_1596626121624{margin-top: 40px !important;}&#8221;][vc_column]<h1 class='heading-middle  divider-sm'  style='color: #2f7cbf'><span>\u00c7\u00d6Z\u00dcM MERKEZ\u0130M\u0130Z<\/span><\/h1>[\/vc_column][\/vc_row][vc_row full_width=&#8221;stretch_row_content_no_spaces&#8221; disable_element=&#8221;yes&#8221;][vc_column][vc_tta_tabs style=&#8221;modern&#8221; color=&#8221;white&#8221; spacing=&#8221;&#8221; alignment=&#8221;center&#8221; active_section=&#8221;1&#8243; no_fill_content_area=&#8221;true&#8221; css=&#8221;.vc_custom_1595859777045{background-color: #1e73be !important;}&#8221;][vc_tta_section title=&#8221;M\u00fc\u015fteri Odakl\u0131l\u0131k&#8221; tab_id=&#8221;1595830740808-1e4ae744-d122&#8243;][vc_row_inner][vc_column_inner][vc_column_text]<\/p>\n<h1 style=\"text-align: center;\"><span style=\"color: #ffffff;\">M\u00fc\u015fteri Odakl\u0131l\u0131k<\/span><\/h1>\n<p>[\/vc_column_text][vc_empty_space height=&#8221;12px&#8221;][vc_column_text]<\/p>\n<h3 style=\"text-align: center;\"><span style=\"color: #ffffff;\">M\u00fc\u015fterilerimiz, motivasyon kayna\u011f\u0131m\u0131zd\u0131r. T\u00fcm s\u00fcre\u00e7lerimizi m\u00fc\u015fteri ihtiya\u00e7 ve talepleri ile ba\u015flat\u0131r\u0131z.\u00a0<\/span><br \/>\n<span style=\"color: #ffffff;\">M\u00fc\u015fterilerimizle \u00e7al\u0131\u015f\u0131rken \u00f6nceli\u011fimiz uzun vadeli i\u015f ortakl\u0131\u011f\u0131 anlay\u0131\u015f\u0131 kurmakt\u0131r.<\/span><\/h3>\n<p>[\/vc_column_text][vc_empty_space][\/vc_column_inner][\/vc_row_inner][\/vc_tta_section][vc_tta_section title=&#8221;G\u00fcvenilirlik&#8221; tab_id=&#8221;1595830740824-3ebedf13-bf47&#8243;][vc_row_inner][vc_column_inner][vc_column_text]<\/p>\n<h1 style=\"text-align: center;\"><span style=\"color: #ffffff;\">G\u00fcvenilirlik<\/span><\/h1>\n<p>[\/vc_column_text][vc_empty_space height=&#8221;12px&#8221;][vc_column_text]<\/p>\n<h3 style=\"text-align: center;\"><span style=\"color: #ffffff;\">GLOBALPLAST personeli ile \u00a0m\u00fc\u015fterilerimiz aras\u0131nda olu\u015fan g\u00fcven ili\u015fkisi t\u00fcm s\u00fcre\u00e7lerde etkisini g\u00f6stermektedir. Bu anlay\u0131\u015fla \u00e7al\u0131\u015fmak k\u0131sa s\u00fcrede \u00e7\u00f6z\u00fcm \u00fcretmemizi sa\u011flamaktad\u0131r.<\/span><br \/>\n<span style=\"color: #ffffff;\">M\u00fc\u015fterilerimizin g\u00fcven duygular\u0131n\u0131 y\u0131kmamak i\u00e7in hassasiyetle \u00f6zen g\u00f6stermekteyiz<\/span><\/h3>\n<p>[\/vc_column_text][vc_empty_space][\/vc_column_inner][\/vc_row_inner][\/vc_tta_section][vc_tta_section title=&#8221;\u00c7\u00f6z\u00fcm Orta\u011f\u0131&#8221; tab_id=&#8221;1595830810800-4e20e983-680b&#8221;][vc_row_inner][vc_column_inner][vc_column_text]<\/p>\n<h1 style=\"text-align: center;\"><span style=\"color: #ffffff;\">\u00c7\u00f6z\u00fcm Orta\u011f\u0131<\/span><\/h1>\n<p>[\/vc_column_text][vc_empty_space height=&#8221;12px&#8221;][vc_column_text]<\/p>\n<h3 style=\"text-align: center;\"><span style=\"color: #ffffff;\">\u201c\u00c7\u00f6z\u00fcm Merkezi\u201d olarak isimlendirdi\u011fimiz i\u015fletmemizde amac\u0131m\u0131z m\u00fc\u015fterilerimizin uzun vadeli \u00e7\u00f6z\u00fcm orta\u011f\u0131 olmakt\u0131r. \u00c7\u00f6z\u00fcm m\u00fchendisleri olarak g\u00f6rev yapan ekibimiz ile kimyasal dan\u0131\u015fmanl\u0131k hizmeti vermekteyiz ve ekibimiz gece vardiyan\u0131zda bile her t\u00fcrl\u00fc teknik probleminize \u00e7\u00f6z\u00fcm \u00fcretmek i\u00e7in haz\u0131rd\u0131r.<\/span><\/h3>\n<p>[\/vc_column_text][vc_empty_space][\/vc_column_inner][\/vc_row_inner][\/vc_tta_section][vc_tta_section title=&#8221;Esnek \u00c7\u00f6z\u00fcmler&#8221; tab_id=&#8221;1595830811884-76cce95f-491a&#8221;][vc_row_inner][vc_column_inner][vc_column_text]<\/p>\n<h1 style=\"text-align: center;\"><span style=\"color: #ffffff;\">Esnek \u00e7\u00f6z\u00fcmler<\/span><\/h1>\n<p>[\/vc_column_text][vc_empty_space height=&#8221;12px&#8221;][vc_column_text]<\/p>\n<h3 style=\"text-align: center;\"><span style=\"color: #ffffff;\">G\u00fc\u00e7l\u00fc AR-GE ve Teknik Servis hizmetlerimiz sayesinde m\u00fc\u015fterilerimize alternatif \u00e7\u00f6z\u00fcmler sunar\u0131z. Gerek yeni \u00fcr\u00fcn yaratmada gerekse mevcut \u00fcr\u00fcn performans geli\u015ftirmelerinde esnek \u00e7al\u0131\u015fma prensipleri benimseriz. As\u0131l olan m\u00fc\u015fterilerimizin \u00fcretim performanslar\u0131n\u0131 artt\u0131rmak ve \u00fcrettikleri \u00fcr\u00fcn kalitelerinde \u00f6nemli rol oynamakt\u0131r. Bu nedenle t\u00fcm \u00e7\u00f6z\u00fcm \u00f6nerilerimizi i\u015fletme denemeleri ile desteklemekteyi<\/span><\/h3>\n<p>[\/vc_column_text][vc_empty_space][\/vc_column_inner][\/vc_row_inner][\/vc_tta_section][vc_tta_section title=&#8221;M\u00fc\u015fterilerimizin Referans\u0131&#8221; tab_id=&#8221;1595857359368-649ac215-5345&#8243;][vc_row_inner][vc_column_inner][vc_column_text]<\/p>\n<h1 style=\"text-align: center;\"><span style=\"color: #ffffff;\">M\u00fc\u015fterilerimizin Referans\u0131<\/span><\/h1>\n<p>[\/vc_column_text][vc_empty_space height=&#8221;12px&#8221;][vc_column_text]<\/p>\n<h3 style=\"text-align: center;\"><span style=\"color: #ffffff;\">En b\u00fcy\u00fck gururumuz, \u00fcr\u00fcnlerimizi ve hizmetlerimizi tercih eden m\u00fc\u015fterilerimizin referanslar\u0131d\u0131r.<\/span><\/h3>\n<p>[\/vc_column_text][vc_empty_space][\/vc_column_inner][\/vc_row_inner][\/vc_tta_section][vc_tta_section title=&#8221;Geni\u015f \u00dcr\u00fcn Yelpazesi&#8221; tab_id=&#8221;1595830812674-09aa3d05-90db&#8221;][vc_row_inner][vc_column_inner][vc_column_text]<\/p>\n<h1 style=\"text-align: center;\"><span style=\"color: #ffffff;\">Geni\u015f \u00dcr\u00fcn Yelpazesi<\/span><\/h1>\n<p>[\/vc_column_text][vc_empty_space height=&#8221;12px&#8221;][vc_column_text]<\/p>\n<h3 style=\"text-align: center;\"><span style=\"color: #ffffff;\">Yasal mevzuata ve standartlara uygun ekolojik, \u00e7evreye duyarl\u0131 iplik-kuma\u015f, lubrikantlar, elyaf, deri ve end\u00fcstriyel kimyasal gruplar\u0131nda performans g\u00f6steren geni\u015f \u00fcr\u00fcn yelpazemiz ile hizmetinizdeyiz.<\/span><\/h3>\n<p>[\/vc_column_text][vc_empty_space][\/vc_column_inner][\/vc_row_inner][\/vc_tta_section][vc_tta_section title=&#8221;Standart \u00dcr\u00fcn S\u00fcreklili\u011fi&#8221; tab_id=&#8221;1595830848279-14fd1345-c3e7&#8243;][vc_row_inner][vc_column_inner][vc_column_text]<\/p>\n<h1 style=\"text-align: center;\"><span style=\"color: #ffffff;\">Standart \u00dcr\u00fcn S\u00fcreklili\u011fi<\/span><\/h1>\n<p>[\/vc_column_text][vc_empty_space height=&#8221;12px&#8221;][vc_column_text]<\/p>\n<h3 style=\"text-align: center;\"><span style=\"color: #ffffff;\">\u00dcr\u00fcnlerimizin hammadde de\u011fi\u015fikliklerinden etkilenmemesi i\u00e7in, hammaddelerimiz g\u00fcvenilir yurti\u00e7i ve yurtd\u0131\u015f\u0131 tedarik\u00e7ilerden sa\u011flanmaktad\u0131r ve uluslararas\u0131 proje orta\u011f\u0131m\u0131z olan akredite kurulu\u015flar taraf\u0131ndan onayland\u0131ktan sonra kullan\u0131lmaktad\u0131r.<\/span><\/h3>\n<p>[\/vc_column_text][\/vc_column_inner][\/vc_row_inner][\/vc_tta_section][\/vc_tta_tabs][\/vc_column][\/vc_row][vc_row full_width=&#8221;stretch_row_content&#8221; disable_element=&#8221;yes&#8221;][vc_column][vc_single_image image=&#8221;857&#8243; img_size=&#8221;full&#8221; alignment=&#8221;center&#8221;][\/vc_column][\/vc_row][vc_row disable_element=&#8221;yes&#8221;][vc_column]<h1 class='heading-middle  divider-sm'  style='color: #1e73be'><span>HABERLER &amp; DUYURULAR<\/span><\/h1>[\/vc_column][\/vc_row][vc_row disable_element=&#8221;yes&#8221;][vc_column width=&#8221;1\/3&#8243;][vc_empty_space height=&#8221;12px&#8221;][vc_single_image image=&#8221;1080&#8243; img_size=&#8221;full&#8221; alignment=&#8221;center&#8221; onclick=&#8221;custom_link&#8221; link=&#8221;http:\/\/www.globaplast.com\/turk-bilim-insanlari-sivi-gecirmeyen-antibakteriyel-hastane-kumasi-uretti\/&#8221;][vc_empty_space height=&#8221;12px&#8221;][vc_column_text]<\/p>\n<h3 class=\"post-title-alt\" style=\"text-align: center;\">T\u00fcrk Bilim \u0130nsanlar\u0131 S\u0131v\u0131 Ge\u00e7irmeyen Antibakteriyel Hastane Kuma\u015f\u0131 \u00dcretti<\/h3>\n<p style=\"text-align: center;\">\u0130T\u00dc Tekstil M\u00fchendisli\u011fi B\u00f6l\u00fcm\u00fc \u00d6\u011fretim \u00dcyesi Do\u00e7. Dr. Ali K\u0131l\u0131\u00e7, \u201cAntibakteriyel \u00fcr\u00fcnler kullan\u0131lm\u0131yor \u015fu anda \u00fclkemizde. Biz bu yenilik\u00e7i \u00fcr\u00fcnlerden\u2026<\/p>\n<p>[\/vc_column_text][vc_empty_space height=&#8221;10px&#8221;][vc_column_text]<\/p>\n<p style=\"text-align: center;\"><a href=\"http:\/\/www.globaplast.com\/turk-bilim-insanlari-sivi-gecirmeyen-antibakteriyel-hastane-kumasi-uretti\/\">Devam\u0131n\u0131 Oku<\/a><\/p>\n<p>[\/vc_column_text][vc_empty_space height=&#8221;12px&#8221;][\/vc_column][vc_column width=&#8221;1\/3&#8243;][vc_empty_space height=&#8221;12px&#8221;][vc_single_image image=&#8221;1085&#8243; img_size=&#8221;full&#8221; alignment=&#8221;center&#8221; onclick=&#8221;custom_link&#8221; link=&#8221;http:\/\/www.globaplast.com\/giyilebilir-teknoloji-icin-ilk-grafen-ipler-gelistirildi\/&#8221;][vc_empty_space height=&#8221;12px&#8221;][vc_column_text]<\/p>\n<h3 class=\"post-title-alt\" style=\"text-align: center;\">Giyilebilir Teknoloji i\u00e7in \u0130lk Grafen \u0130pler Geli\u015ftirildi<\/h3>\n<p style=\"text-align: center;\">Ara\u015ft\u0131rmac\u0131lar grafen tabanl\u0131 iplik \u00fcretmenin \u00f6l\u00e7eklenebilir bir y\u00f6ntemini geli\u015ftirdi. Bu y\u00f6ntemle, saatte bin kilogram grafen iplik \u00fcretilebiliyor. Manchester \u00dcniversitesinden&#8230;<\/p>\n<p>[\/vc_column_text][vc_empty_space height=&#8221;10px&#8221;][vc_column_text]<\/p>\n<p style=\"text-align: center;\"><a href=\"http:\/\/www.globaplast.com\/giyilebilir-teknoloji-icin-ilk-grafen-ipler-gelistirildi\/\">Devam\u0131n\u0131 Oku<\/a><\/p>\n<p>[\/vc_column_text][vc_empty_space height=&#8221;12px&#8221;][\/vc_column][vc_column width=&#8221;1\/3&#8243;][vc_empty_space height=&#8221;12px&#8221;][vc_single_image image=&#8221;1086&#8243; img_size=&#8221;full&#8221; alignment=&#8221;center&#8221; onclick=&#8221;custom_link&#8221; link=&#8221;http:\/\/www.globaplast.com\/giyilebilir-tekstil-uretiminde-kullanilabilecek-ilk-olceklendirilebilir-grafen-iplikler\/&#8221;][vc_empty_space height=&#8221;12px&#8221;][vc_column_text]<\/p>\n<h3 class=\"post-title-alt\" style=\"text-align: center;\">\u00a0Tekstil \u00dcretiminde Kullan\u0131labilecek \u0130lk Grafen \u0130plikler<\/h3>\n<p style=\"text-align: center;\">Foto\u011fraf: Grafen, y\u00fcksek iletkenlik ve esneklik \u00f6zellikleri sayesinde sa\u011fl\u0131k, spor giyim ve fitness alan\u0131ndaki uygulamalar\u0131 i\u00e7in olduk\u00e7a b\u00fcy\u00fck potansiyel ta\u015f\u0131yor.\u2026<\/p>\n<p>[\/vc_column_text][vc_empty_space height=&#8221;10px&#8221;][vc_column_text]<\/p>\n<p style=\"text-align: center;\"><a href=\"http:\/\/www.globaplast.com\/giyilebilir-tekstil-uretiminde-kullanilabilecek-ilk-olceklendirilebilir-grafen-iplikler\/\">Devam\u0131n\u0131 Oku<\/a><\/p>\n<p>[\/vc_column_text][vc_empty_space height=&#8221;12px&#8221;][\/vc_column][\/vc_row][vc_row full_width=&#8221;stretch_row_content_no_spaces&#8221;][vc_column][vc_single_image image=&#8221;1208&#8243; img_size=&#8221;full&#8221; alignment=&#8221;center&#8221;][\/vc_column][\/vc_row]<\/p>","protected":false},"excerpt":{"rendered":"<p>[vc_row has_content=&#8221;true&#8221;][vc_column][rev_slider_vc alias=&#8221;main-slider&#8221;][\/vc_column][\/vc_row][vc_row full_width=&#8221;stretch_row&#8221; video_bg=&#8221;yes&#8221; video_bg_url=&#8221;https:\/\/www.youtube.com\/watch?v=4PgDqd0jDBM&#8221; disable_element=&#8221;yes&#8221; css=&#8221;.vc_custom_1598536986139{padding-top: 35px !important;padding-bottom: 35px !important;background-image: url(http:\/\/www.globaplast.com\/wp-content\/uploads\/2020\/07\/DVB.jpg?id=1114) !important;background-position: center !important;background-repeat: no-repeat !important;background-size: cover !important;}&#8221; has_content=&#8221;inside&#8221;][vc_column width=&#8221;5\/6&#8243;][vc_column_text css=&#8221;.vc_custom_1597426210907{margin-top: -10px !important;}&#8221;][\/vc_column_text][\/vc_column][vc_column width=&#8221;1\/6&#8243; css=&#8221;.vc_custom_1595861559179{margin-top: 20px !important;}&#8221;][\/vc_column][\/vc_row][vc_row full_width=&#8221;stretch_row&#8221; disable_element=&#8221;yes&#8221;][vc_column width=&#8221;1\/2&#8243;][vc_column_text] B\u0130Z K\u0130M\u0130Z ? [\/vc_column_text][vc_empty_space height=&#8221;12px&#8221;][vc_column_text] Globaplast\u2019in kalite ve&#8230;<\/p>\n","protected":false},"author":2,"featured_media":0,"parent":0,"menu_order":0,"comment_status":"open","ping_status":"open","template":"","meta":[],"_links":{"self":[{"href":"https:\/\/www.globaplast.com\/en\/wp-json\/wp\/v2\/pages\/5"}],"collection":[{"href":"https:\/\/www.globaplast.com\/en\/wp-json\/wp\/v2\/pages"}],"about":[{"href":"https:\/\/www.globaplast.com\/en\/wp-json\/wp\/v2\/types\/page"}],"author":[{"embeddable":true,"href":"https:\/\/www.globaplast.com\/en\/wp-json\/wp\/v2\/users\/2"}],"replies":[{"embeddable":true,"href":"https:\/\/www.globaplast.com\/en\/wp-json\/wp\/v2\/comments?post=5"}],"version-history":[{"count":79,"href":"https:\/\/www.globaplast.com\/en\/wp-json\/wp\/v2\/pages\/5\/revisions"}],"predecessor-version":[{"id":1230,"href":"https:\/\/www.globaplast.com\/en\/wp-json\/wp\/v2\/pages\/5\/revisions\/1230"}],"wp:attachment":[{"href":"https:\/\/www.globaplast.com\/en\/wp-json\/wp\/v2\/media?parent=5"}],"curies":[{"name":"wp","href":"https:\/\/api.w.org\/{rel}","templated":true}]}}